{"id":2021,"date":"2018-07-30T15:10:48","date_gmt":"2018-07-30T15:10:48","guid":{"rendered":"https:\/\/futurestars.hu\/?page_id=2021"},"modified":"2018-07-30T15:13:14","modified_gmt":"2018-07-30T15:13:14","slug":"adomanygyujtes-csapat-busz-megvasarlasahoz","status":"publish","type":"page","link":"https:\/\/futurestars.hu\/en\/adomanygyujtes-csapat-busz-megvasarlasahoz\/","title":{"rendered":"Fund raising for a team bus, help us today!"},"content":{"rendered":"<div style=\"width: 230px;\"><iframe src='https:\/\/gogetfunding.com\/embed-widget?campaignid=5686218&#038;frame_type=t1' style='width: 100%; height: 400px; border: none;' scrolling='no'><\/iframe><\/p>\n<div style='text-align: center;font-size:8px;font-family:Arial; color: #6D8191;'>Discover <a class=\"follow\" href=\"http:\/\/crowdfunding.io\/\">crowdfunding<\/a> with <a href=\"https:\/\/gogetfunding.com\">GoGetFunding<\/a><\/div>\n<\/div>\n","protected":false},"excerpt":{"rendered":"<p>Discover crowdfunding with GoGetFunding<\/p>\n","protected":false},"author":1,"featured_media":0,"parent":0,"menu_order":0,"comment_status":"closed","ping_status":"closed","template":"","meta":{"footnotes":""},"yoast_head":"<!-- This site is optimized with the Yoast SEO plugin v22.2 - https:\/\/yoast.com\/wordpress\/plugins\/seo\/ -->\n<title>Fund raising for a team bus, help us today! - Future Stars FC<\/title>\n<meta name=\"robots\" content=\"index, follow, max-snippet:-1, max-image-preview:large, max-video-preview:-1\" \/>\n<link rel=\"canonical\" href=\"https:\/\/futurestars.hu\/en\/adomanygyujtes-csapat-busz-megvasarlasahoz\/\" \/>\n<meta property=\"og:locale\" content=\"en_US\" \/>\n<meta property=\"og:type\" content=\"article\" \/>\n<meta property=\"og:title\" content=\"Fund raising for a team bus, help us today! - Future Stars FC\" \/>\n<meta property=\"og:description\" content=\"Discover crowdfunding with GoGetFunding\" \/>\n<meta property=\"og:url\" content=\"https:\/\/futurestars.hu\/en\/adomanygyujtes-csapat-busz-megvasarlasahoz\/\" \/>\n<meta property=\"og:site_name\" content=\"Future Stars FC\" \/>\n<meta property=\"article:modified_time\" content=\"2018-07-30T15:13:14+00:00\" \/>\n<meta name=\"twitter:card\" content=\"summary_large_image\" \/>\n<script type=\"application\/ld+json\" class=\"yoast-schema-graph\">{\"@context\":\"https:\/\/schema.org\",\"@graph\":[{\"@type\":\"WebPage\",\"@id\":\"https:\/\/futurestars.hu\/en\/adomanygyujtes-csapat-busz-megvasarlasahoz\/\",\"url\":\"https:\/\/futurestars.hu\/en\/adomanygyujtes-csapat-busz-megvasarlasahoz\/\",\"name\":\"Fund raising for a team bus, help us today! - Future Stars FC\",\"isPartOf\":{\"@id\":\"https:\/\/futurestars.hu\/en\/#website\"},\"datePublished\":\"2018-07-30T15:10:48+00:00\",\"dateModified\":\"2018-07-30T15:13:14+00:00\",\"breadcrumb\":{\"@id\":\"https:\/\/futurestars.hu\/en\/adomanygyujtes-csapat-busz-megvasarlasahoz\/#breadcrumb\"},\"inLanguage\":\"en-US\",\"potentialAction\":[{\"@type\":\"ReadAction\",\"target\":[[\"https:\/\/futurestars.hu\/en\/adomanygyujtes-csapat-busz-megvasarlasahoz\/\"]]}]},{\"@type\":\"BreadcrumbList\",\"@id\":\"https:\/\/futurestars.hu\/en\/adomanygyujtes-csapat-busz-megvasarlasahoz\/#breadcrumb\",\"itemListElement\":[{\"@type\":\"ListItem\",\"position\":1,\"name\":\"Home\",\"item\":\"https:\/\/futurestars.hu\/en\/\"},{\"@type\":\"ListItem\",\"position\":2,\"name\":\"Adom\u00e1nygy\u0171jt\u00e9s csapat busz megv\u00e1s\u00e1rl\u00e1s\u00e1hoz\"}]},{\"@type\":\"WebSite\",\"@id\":\"https:\/\/futurestars.hu\/en\/#website\",\"url\":\"https:\/\/futurestars.hu\/en\/\",\"name\":\"Future Stars FC\",\"description\":\"... focizz \u00e9s tanulj angolul..\",\"publisher\":{\"@id\":\"https:\/\/futurestars.hu\/en\/#organization\"},\"potentialAction\":[{\"@type\":\"SearchAction\",\"target\":{\"@type\":\"EntryPoint\",\"urlTemplate\":\"https:\/\/futurestars.hu\/en\/?s={search_term_string}\"},\"query-input\":\"required name=search_term_string\"}],\"inLanguage\":\"en-US\"},{\"@type\":\"Organization\",\"@id\":\"https:\/\/futurestars.hu\/en\/#organization\",\"name\":\"Future Stars FC\",\"url\":\"https:\/\/futurestars.hu\/en\/\",\"logo\":{\"@type\":\"ImageObject\",\"inLanguage\":\"en-US\",\"@id\":\"https:\/\/futurestars.hu\/en\/#\/schema\/logo\/image\/\",\"url\":\"https:\/\/futurestars.hu\/wp-content\/uploads\/2017\/02\/futurestars_logo_transparent_2017_final.png\",\"contentUrl\":\"https:\/\/futurestars.hu\/wp-content\/uploads\/2017\/02\/futurestars_logo_transparent_2017_final.png\",\"width\":85,\"height\":72,\"caption\":\"Future Stars FC\"},\"image\":{\"@id\":\"https:\/\/futurestars.hu\/en\/#\/schema\/logo\/image\/\"}}]}<\/script>\n<!-- \/ Yoast SEO plugin. -->","yoast_head_json":{"title":"Fund raising for a team bus, help us today! - Future Stars FC","robots":{"index":"index","follow":"follow","max-snippet":"max-snippet:-1","max-image-preview":"max-image-preview:large","max-video-preview":"max-video-preview:-1"},"canonical":"https:\/\/futurestars.hu\/en\/adomanygyujtes-csapat-busz-megvasarlasahoz\/","og_locale":"en_US","og_type":"article","og_title":"Fund raising for a team bus, help us today! - Future Stars FC","og_description":"Discover crowdfunding with GoGetFunding","og_url":"https:\/\/futurestars.hu\/en\/adomanygyujtes-csapat-busz-megvasarlasahoz\/","og_site_name":"Future Stars FC","article_modified_time":"2018-07-30T15:13:14+00:00","twitter_card":"summary_large_image","schema":{"@context":"https:\/\/schema.org","@graph":[{"@type":"WebPage","@id":"https:\/\/futurestars.hu\/en\/adomanygyujtes-csapat-busz-megvasarlasahoz\/","url":"https:\/\/futurestars.hu\/en\/adomanygyujtes-csapat-busz-megvasarlasahoz\/","name":"Fund raising for a team bus, help us today! - Future Stars FC","isPartOf":{"@id":"https:\/\/futurestars.hu\/en\/#website"},"datePublished":"2018-07-30T15:10:48+00:00","dateModified":"2018-07-30T15:13:14+00:00","breadcrumb":{"@id":"https:\/\/futurestars.hu\/en\/adomanygyujtes-csapat-busz-megvasarlasahoz\/#breadcrumb"},"inLanguage":"en-US","potentialAction":[{"@type":"ReadAction","target":[["https:\/\/futurestars.hu\/en\/adomanygyujtes-csapat-busz-megvasarlasahoz\/"]]}]},{"@type":"BreadcrumbList","@id":"https:\/\/futurestars.hu\/en\/adomanygyujtes-csapat-busz-megvasarlasahoz\/#breadcrumb","itemListElement":[{"@type":"ListItem","position":1,"name":"Home","item":"https:\/\/futurestars.hu\/en\/"},{"@type":"ListItem","position":2,"name":"Adom\u00e1nygy\u0171jt\u00e9s csapat busz megv\u00e1s\u00e1rl\u00e1s\u00e1hoz"}]},{"@type":"WebSite","@id":"https:\/\/futurestars.hu\/en\/#website","url":"https:\/\/futurestars.hu\/en\/","name":"Future Stars FC","description":"... focizz \u00e9s tanulj angolul..","publisher":{"@id":"https:\/\/futurestars.hu\/en\/#organization"},"potentialAction":[{"@type":"SearchAction","target":{"@type":"EntryPoint","urlTemplate":"https:\/\/futurestars.hu\/en\/?s={search_term_string}"},"query-input":"required name=search_term_string"}],"inLanguage":"en-US"},{"@type":"Organization","@id":"https:\/\/futurestars.hu\/en\/#organization","name":"Future Stars FC","url":"https:\/\/futurestars.hu\/en\/","logo":{"@type":"ImageObject","inLanguage":"en-US","@id":"https:\/\/futurestars.hu\/en\/#\/schema\/logo\/image\/","url":"https:\/\/futurestars.hu\/wp-content\/uploads\/2017\/02\/futurestars_logo_transparent_2017_final.png","contentUrl":"https:\/\/futurestars.hu\/wp-content\/uploads\/2017\/02\/futurestars_logo_transparent_2017_final.png","width":85,"height":72,"caption":"Future Stars FC"},"image":{"@id":"https:\/\/futurestars.hu\/en\/#\/schema\/logo\/image\/"}}]}},"_links":{"self":[{"href":"https:\/\/futurestars.hu\/en\/wp-json\/wp\/v2\/pages\/2021"}],"collection":[{"href":"https:\/\/futurestars.hu\/en\/wp-json\/wp\/v2\/pages"}],"about":[{"href":"https:\/\/futurestars.hu\/en\/wp-json\/wp\/v2\/types\/page"}],"author":[{"embeddable":true,"href":"https:\/\/futurestars.hu\/en\/wp-json\/wp\/v2\/users\/1"}],"replies":[{"embeddable":true,"href":"https:\/\/futurestars.hu\/en\/wp-json\/wp\/v2\/comments?post=2021"}],"version-history":[{"count":3,"href":"https:\/\/futurestars.hu\/en\/wp-json\/wp\/v2\/pages\/2021\/revisions"}],"predecessor-version":[{"id":2023,"href":"https:\/\/futurestars.hu\/en\/wp-json\/wp\/v2\/pages\/2021\/revisions\/2023"}],"wp:attachment":[{"href":"https:\/\/futurestars.hu\/en\/wp-json\/wp\/v2\/media?parent=2021"}],"curies":[{"name":"wp","href":"https:\/\/api.w.org\/{rel}","templated":true}]}}