{"id":2,"date":"2017-02-11T17:43:01","date_gmt":"2017-02-11T17:43:01","guid":{"rendered":"http:\/\/futurestars.netorius.hu\/?page_id=2"},"modified":"2018-07-19T13:46:54","modified_gmt":"2018-07-19T13:46:54","slug":"ez-egy-minta-oldal","status":"publish","type":"page","link":"https:\/\/futurestars.hu\/en\/","title":{"rendered":"Ez egy minta oldal"},"content":{"rendered":"<p>Ez egy mintaoldal, egy WordPress-alap\u00fa honlap egy oldal\u00e1nak l\u00e9trehoz\u00e1s\u00e1hoz. Az oldal k\u00fcl\u00f6nb\u00f6zik a bejegyz\u00e9st\u0151l, mert az oldal \u00e1lland\u00f3an l\u00e1tszik a honlap men\u00fcj\u00e9ben, a navig\u00e1ci\u00f3 sor\u00e1n (a legt\u00f6bb sablonban). Az emberek t\u00f6bbs\u00e9ge haszn\u00e1lja a N\u00e9vjegy oldalt, amely arra szolg\u00e1l, hogy a lehets\u00e9ges l\u00e1togat\u00f3i sz\u00e1m\u00e1ra elmondjanak magukr\u00f3l, v\u00e1llalkoz\u00e1sukr\u00f3l, a honlapr\u00f3l n\u00e9h\u00e1ny jellemz\u0151 mondatot. Egyik lehets\u00e9ges megold\u00e1s erre pl.:<\/p>\n<blockquote><p>Hell\u00f3 Emberek!Ezt a ford\u00edt\u00e1st a WordPress Magyarorsz\u00e1g Ford\u00edt\u00f3i csapata v\u00e9gezte. Sok sz\u00e1z munka\u00f3r\u00e1t fektett\u00fcnk abba, hogy ezt a remek tartalomkezel\u0151 rendszert anyanyelv\u00fcnk\u00f6n, magyarul haszn\u00e1lhassa mindenki.<\/p><\/blockquote>\n<p>&#8230;. vagy egy m\u00e1sik p\u00e9lda:<\/p>\n<blockquote><p>A<strong> WordPress Magyarorsz\u00e1g<\/strong> tulajdonk\u00e9ppen a kezdetekt\u0151l l\u00e9tezik an\u00e9lk\u00fcl, hogy kihirdette volna l\u00e9t\u00e9t. <strong>A WordPress Magyarorsz\u00e1g egy K\u00f6z\u00f6ss\u00e9g!<\/strong> &#8211; a ny\u00edlt forr\u00e1sk\u00f3d\u00fa, zseni\u00e1lis WordPress tartalomkezel\u0151 rendszer alkalmaz\u00e1s\u00e1ra, megismer\u00e9s\u00e9re, tanul\u00e1s\u00e1ra sz\u00f6vetkezt\u00fcnk.<\/p><\/blockquote>\n<p>\u00daj WordPress-felhaszn\u00e1l\u00f3k\u00e9nt a <a href=\"http:\/\/futurestars.netorius.hu\/wp-admin\/\">Vez\u00e9rl\u0151pult<\/a>ba l\u00e9pve ez az oldal t\u00f6r\u00f6lhet\u0151, m\u00f3dos\u00edthat\u00f3, \u00e9s \u00faj oldalak hozhat\u00f3ak l\u00e9tre saj\u00e1t tartalommal. J\u00f3 sz\u00f3rakoz\u00e1st k\u00edv\u00e1n a WordPress Nemzek\u00f6zi K\u00f6z\u00f6ss\u00e9ge!<\/p>","protected":false},"excerpt":{"rendered":"<p>Ez egy mintaoldal, egy WordPress-alap\u00fa honlap egy oldal\u00e1nak l\u00e9trehoz\u00e1s\u00e1hoz. Az oldal k\u00fcl\u00f6nb\u00f6zik a bejegyz\u00e9st\u0151l, mert az oldal \u00e1lland\u00f3an l\u00e1tszik a honlap men\u00fcj\u00e9ben, a navig\u00e1ci\u00f3 sor\u00e1n (a legt\u00f6bb sablonban). Az emberek &#8230;<\/p>\n","protected":false},"author":1,"featured_media":0,"parent":0,"menu_order":0,"comment_status":"closed","ping_status":"open","template":"template-frontpage.php","meta":{"footnotes":""},"yoast_head":"<!-- This site is optimized with the Yoast SEO plugin v22.2 - https:\/\/yoast.com\/wordpress\/plugins\/seo\/ -->\n<title>Focisuli - futball gyermekeknek<\/title>\n<meta name=\"robots\" content=\"index, follow, max-snippet:-1, max-image-preview:large, max-video-preview:-1\" \/>\n<link rel=\"canonical\" href=\"https:\/\/futurestars.hu\/en\/\" \/>\n<meta property=\"og:locale\" content=\"en_US\" \/>\n<meta property=\"og:type\" content=\"article\" \/>\n<meta property=\"og:title\" content=\"Focisuli - futball gyermekeknek\" \/>\n<meta property=\"og:description\" content=\"Ez egy mintaoldal, egy WordPress-alap\u00fa honlap egy oldal\u00e1nak l\u00e9trehoz\u00e1s\u00e1hoz. Az oldal k\u00fcl\u00f6nb\u00f6zik a bejegyz\u00e9st\u0151l, mert az oldal \u00e1lland\u00f3an l\u00e1tszik a honlap men\u00fcj\u00e9ben, a navig\u00e1ci\u00f3 sor\u00e1n (a legt\u00f6bb sablonban). Az emberek ...\" \/>\n<meta property=\"og:url\" content=\"https:\/\/futurestars.hu\/en\/\" \/>\n<meta property=\"og:site_name\" content=\"Future Stars FC\" \/>\n<meta property=\"article:modified_time\" content=\"2018-07-19T13:46:54+00:00\" \/>\n<meta name=\"twitter:card\" content=\"summary_large_image\" \/>\n<meta name=\"twitter:label1\" content=\"Est. reading time\" \/>\n\t<meta name=\"twitter:data1\" content=\"1 minute\" \/>\n<script type=\"application\/ld+json\" class=\"yoast-schema-graph\">{\"@context\":\"https:\/\/schema.org\",\"@graph\":[{\"@type\":\"WebPage\",\"@id\":\"https:\/\/futurestars.hu\/en\/\",\"url\":\"https:\/\/futurestars.hu\/en\/\",\"name\":\"Focisuli - futball gyermekeknek\",\"isPartOf\":{\"@id\":\"https:\/\/futurestars.hu\/en\/#website\"},\"datePublished\":\"2017-02-11T17:43:01+00:00\",\"dateModified\":\"2018-07-19T13:46:54+00:00\",\"breadcrumb\":{\"@id\":\"https:\/\/futurestars.hu\/en\/#breadcrumb\"},\"inLanguage\":\"en-US\",\"potentialAction\":[{\"@type\":\"ReadAction\",\"target\":[[\"https:\/\/futurestars.hu\/en\/\"]]}]},{\"@type\":\"BreadcrumbList\",\"@id\":\"https:\/\/futurestars.hu\/en\/#breadcrumb\",\"itemListElement\":[{\"@type\":\"ListItem\",\"position\":1,\"name\":\"Home\",\"item\":\"https:\/\/futurestars.hu\/en\/\"},{\"@type\":\"ListItem\",\"position\":2,\"name\":\"Kezd\u0151oldal\"}]},{\"@type\":\"WebSite\",\"@id\":\"https:\/\/futurestars.hu\/en\/#website\",\"url\":\"https:\/\/futurestars.hu\/en\/\",\"name\":\"Future Stars FC\",\"description\":\"... focizz \u00e9s tanulj angolul..\",\"publisher\":{\"@id\":\"https:\/\/futurestars.hu\/en\/#organization\"},\"potentialAction\":[{\"@type\":\"SearchAction\",\"target\":{\"@type\":\"EntryPoint\",\"urlTemplate\":\"https:\/\/futurestars.hu\/en\/?s={search_term_string}\"},\"query-input\":\"required name=search_term_string\"}],\"inLanguage\":\"en-US\"},{\"@type\":\"Organization\",\"@id\":\"https:\/\/futurestars.hu\/en\/#organization\",\"name\":\"Future Stars FC\",\"url\":\"https:\/\/futurestars.hu\/en\/\",\"logo\":{\"@type\":\"ImageObject\",\"inLanguage\":\"en-US\",\"@id\":\"https:\/\/futurestars.hu\/en\/#\/schema\/logo\/image\/\",\"url\":\"https:\/\/futurestars.hu\/wp-content\/uploads\/2017\/02\/futurestars_logo_transparent_2017_final.png\",\"contentUrl\":\"https:\/\/futurestars.hu\/wp-content\/uploads\/2017\/02\/futurestars_logo_transparent_2017_final.png\",\"width\":85,\"height\":72,\"caption\":\"Future Stars FC\"},\"image\":{\"@id\":\"https:\/\/futurestars.hu\/en\/#\/schema\/logo\/image\/\"}}]}<\/script>\n<!-- \/ Yoast SEO plugin. -->","yoast_head_json":{"title":"Focisuli - futball gyermekeknek","robots":{"index":"index","follow":"follow","max-snippet":"max-snippet:-1","max-image-preview":"max-image-preview:large","max-video-preview":"max-video-preview:-1"},"canonical":"https:\/\/futurestars.hu\/en\/","og_locale":"en_US","og_type":"article","og_title":"Focisuli - futball gyermekeknek","og_description":"Ez egy mintaoldal, egy WordPress-alap\u00fa honlap egy oldal\u00e1nak l\u00e9trehoz\u00e1s\u00e1hoz. Az oldal k\u00fcl\u00f6nb\u00f6zik a bejegyz\u00e9st\u0151l, mert az oldal \u00e1lland\u00f3an l\u00e1tszik a honlap men\u00fcj\u00e9ben, a navig\u00e1ci\u00f3 sor\u00e1n (a legt\u00f6bb sablonban). Az emberek ...","og_url":"https:\/\/futurestars.hu\/en\/","og_site_name":"Future Stars FC","article_modified_time":"2018-07-19T13:46:54+00:00","twitter_card":"summary_large_image","twitter_misc":{"Est. reading time":"1 minute"},"schema":{"@context":"https:\/\/schema.org","@graph":[{"@type":"WebPage","@id":"https:\/\/futurestars.hu\/en\/","url":"https:\/\/futurestars.hu\/en\/","name":"Focisuli - futball gyermekeknek","isPartOf":{"@id":"https:\/\/futurestars.hu\/en\/#website"},"datePublished":"2017-02-11T17:43:01+00:00","dateModified":"2018-07-19T13:46:54+00:00","breadcrumb":{"@id":"https:\/\/futurestars.hu\/en\/#breadcrumb"},"inLanguage":"en-US","potentialAction":[{"@type":"ReadAction","target":[["https:\/\/futurestars.hu\/en\/"]]}]},{"@type":"BreadcrumbList","@id":"https:\/\/futurestars.hu\/en\/#breadcrumb","itemListElement":[{"@type":"ListItem","position":1,"name":"Home","item":"https:\/\/futurestars.hu\/en\/"},{"@type":"ListItem","position":2,"name":"Kezd\u0151oldal"}]},{"@type":"WebSite","@id":"https:\/\/futurestars.hu\/en\/#website","url":"https:\/\/futurestars.hu\/en\/","name":"Future Stars FC","description":"... focizz \u00e9s tanulj angolul..","publisher":{"@id":"https:\/\/futurestars.hu\/en\/#organization"},"potentialAction":[{"@type":"SearchAction","target":{"@type":"EntryPoint","urlTemplate":"https:\/\/futurestars.hu\/en\/?s={search_term_string}"},"query-input":"required name=search_term_string"}],"inLanguage":"en-US"},{"@type":"Organization","@id":"https:\/\/futurestars.hu\/en\/#organization","name":"Future Stars FC","url":"https:\/\/futurestars.hu\/en\/","logo":{"@type":"ImageObject","inLanguage":"en-US","@id":"https:\/\/futurestars.hu\/en\/#\/schema\/logo\/image\/","url":"https:\/\/futurestars.hu\/wp-content\/uploads\/2017\/02\/futurestars_logo_transparent_2017_final.png","contentUrl":"https:\/\/futurestars.hu\/wp-content\/uploads\/2017\/02\/futurestars_logo_transparent_2017_final.png","width":85,"height":72,"caption":"Future Stars FC"},"image":{"@id":"https:\/\/futurestars.hu\/en\/#\/schema\/logo\/image\/"}}]}},"_links":{"self":[{"href":"https:\/\/futurestars.hu\/en\/wp-json\/wp\/v2\/pages\/2"}],"collection":[{"href":"https:\/\/futurestars.hu\/en\/wp-json\/wp\/v2\/pages"}],"about":[{"href":"https:\/\/futurestars.hu\/en\/wp-json\/wp\/v2\/types\/page"}],"author":[{"embeddable":true,"href":"https:\/\/futurestars.hu\/en\/wp-json\/wp\/v2\/users\/1"}],"replies":[{"embeddable":true,"href":"https:\/\/futurestars.hu\/en\/wp-json\/wp\/v2\/comments?post=2"}],"version-history":[{"count":2,"href":"https:\/\/futurestars.hu\/en\/wp-json\/wp\/v2\/pages\/2\/revisions"}],"predecessor-version":[{"id":1986,"href":"https:\/\/futurestars.hu\/en\/wp-json\/wp\/v2\/pages\/2\/revisions\/1986"}],"wp:attachment":[{"href":"https:\/\/futurestars.hu\/en\/wp-json\/wp\/v2\/media?parent=2"}],"curies":[{"name":"wp","href":"https:\/\/api.w.org\/{rel}","templated":true}]}}