{"id":1864,"date":"2018-03-21T21:12:07","date_gmt":"2018-03-21T21:12:07","guid":{"rendered":"https:\/\/futurestars.hu\/?page_id=1864"},"modified":"2019-03-27T08:20:02","modified_gmt":"2019-03-27T08:20:02","slug":"angol-magyar-focitabor-2018-balatonszemes","status":"publish","type":"page","link":"https:\/\/futurestars.hu\/en\/angol-magyar-focitabor-2018-balatonszemes\/","title":{"rendered":"Summer football camp Balatonszemes 2018"},"content":{"rendered":"<p><strong>quick links: <a href=\"#taborinfo\">camp information<\/a> |<a href=\"#helyszin\"> location<\/a> | <a href=\"#dij\">camp fee<\/a> |<a href=\"#jelentkezes\"> application<\/a><\/strong><\/p>\n<p><img fetchpriority=\"high\" decoding=\"async\" class=\"alignnone wp-image-1612 size-full\" src=\"https:\/\/futurestars.hu\/wp-content\/uploads\/2017\/05\/Balatonszemes_edzotabor_1.jpg\" alt=\"\" width=\"974\" height=\"451\" srcset=\"https:\/\/futurestars.hu\/wp-content\/uploads\/2017\/05\/Balatonszemes_edzotabor_1.jpg 974w, https:\/\/futurestars.hu\/wp-content\/uploads\/2017\/05\/Balatonszemes_edzotabor_1-600x278.jpg 600w, https:\/\/futurestars.hu\/wp-content\/uploads\/2017\/05\/Balatonszemes_edzotabor_1-300x139.jpg 300w, https:\/\/futurestars.hu\/wp-content\/uploads\/2017\/05\/Balatonszemes_edzotabor_1-768x356.jpg 768w\" sizes=\"(max-width: 974px) 100vw, 974px\" \/><\/p>\n<p>Every summer, Future Stars FC offers football camp places to boys and girls aged between 7 and 14 years of age in Balatonszemes. Participants can spend their summer break playing soccer, meeting like-minded youngsters, and enjoying range of activities and excursions organized by a team of soccer professionals.<\/p>\n<p>The camp provides a combination of soccer training programs and &#8216;experience activities&#8217; to ensure that each student has a summer they will never forget.<\/p>\n<p>Camp leader and main coach Steve Yeboah is a former professional football player UEFA B qualified football trainer with several years of international experience. You will learn and build a solid basis of this beautiful game in good team spirit with the help of our english speaking and \u2018Junior Kick\u2019 qualified football enthusiast trainers.<\/p>\n<p><strong>Are you ready for a sporty summer break? Do not hesitate to apply, if<\/strong><\/p>\n<ul>\n<li>you love to play football<\/li>\n<li>would like to improve your English speaking<\/li>\n<li>make new friends<\/li>\n<li>and have an unforgettable summer.<\/li>\n<\/ul>\n<p><a name=\"taborinfo\"><\/a><\/p>\n<p><strong>Video<\/strong><br \/>\n<iframe src=\"https:\/\/www.youtube.com\/embed\/OpopvfvVq4w?rel=0\" width=\"100%\" height=\"315\" frameborder=\"0\" allowfullscreen=\"allowfullscreen\"><\/iframe><\/p>\n<hr \/>\n<h3>Camp details<\/h3>\n<p>Future Stars summer football camp will be held in Balatonszemes starting on Wednesday, 1st of August 2018. Apart from the daily trainings, programs include beach football and water activities.<\/p>\n<ul>\n<li>camp start on Wednesday and ends on Monday<\/li>\n<li>a pre-football camp is available for those wo are interested in to start the camp on Monday and Tuesday in Budapest (not included in the camp fee)<\/li>\n<li>price includes transportation, programs, and meals<\/li>\n<\/ul>\n<hr \/>\n<h3>Available dates<\/h3>\n<p>08\/01\/August, Wednesday &#8211; 08\/06\/August, Monday (6 days)<br \/>\n<a name=\"helyszin\"><\/a><\/p>\n<hr \/>\n<h3>Location<\/h3>\n<p><a name=\"dij\"><\/a><br \/>\nBalatonszemes<\/p>\n<hr \/>\n<h3>Camp fee and payment informmation<\/h3>\n<p><a name=\"jelentkezes\"><\/a><br \/>\nPrice:\u00a0 <strong>48 000 HUF<\/strong><br \/>\nDiscount:\u00a0 <strong>10% for siblings<\/strong><br \/>\nPlease, transfer 50% of the camp fee to the bank account of Future Stars Fc Kft. at the time of your application. Full amount should be paid until the 31st of May.:<\/p>\n<p><em>bank account details<\/em><br \/>\n<strong>Name:<\/strong> Future Stars Fc Kft.<br \/>\n<strong>Bank:<\/strong> Magnet Bank<br \/>\n<strong>Bank account number:<\/strong> 1620021617062462<\/p>\n<p><span style=\"background-color: #282828; padding: 5px; color: #ffffff;\"><i>Please, do not forget to include the name of your child and the camp date in the comment field<\/i><\/span><\/p>\n<h3>Apply now, please fill out the form below!<\/h3>\n<p>\n<div class=\"wpcf7 no-js\" id=\"wpcf7-f1953-o2\" lang=\"hu-HU\" dir=\"ltr\">\n<div class=\"screen-reader-response\"><p role=\"status\" aria-live=\"polite\" aria-atomic=\"true\"><\/p> <ul><\/ul><\/div>\n<form action=\"\/en\/wp-json\/wp\/v2\/pages\/1864#wpcf7-f1953-o2\" method=\"post\" class=\"wpcf7-form init\" aria-label=\"Kapcsolatfelv\u00e9teli \u0171rlap\" novalidate=\"novalidate\" data-status=\"init\">\n<div style=\"display: none;\">\n<input type=\"hidden\" name=\"_wpcf7\" value=\"1953\" \/>\n<input type=\"hidden\" name=\"_wpcf7_version\" value=\"5.7.6\" \/>\n<input type=\"hidden\" name=\"_wpcf7_locale\" value=\"hu_HU\" \/>\n<input type=\"hidden\" name=\"_wpcf7_unit_tag\" value=\"wpcf7-f1953-o2\" \/>\n<input type=\"hidden\" name=\"_wpcf7_container_post\" value=\"0\" \/>\n<input type=\"hidden\" name=\"_wpcf7_posted_data_hash\" value=\"\" \/>\n<input type=\"hidden\" name=\"_wpcf7cf_hidden_group_fields\" value=\"[]\" \/>\n<input type=\"hidden\" name=\"_wpcf7cf_hidden_groups\" value=\"[]\" \/>\n<input type=\"hidden\" name=\"_wpcf7cf_visible_groups\" value=\"[]\" \/>\n<input type=\"hidden\" name=\"_wpcf7cf_repeaters\" value=\"[]\" \/>\n<input type=\"hidden\" name=\"_wpcf7cf_steps\" value=\"{}\" \/>\n<input type=\"hidden\" name=\"_wpcf7cf_options\" value=\"{&quot;form_id&quot;:1953,&quot;conditions&quot;:[],&quot;settings&quot;:{&quot;animation&quot;:&quot;yes&quot;,&quot;animation_intime&quot;:200,&quot;animation_outtime&quot;:200,&quot;conditions_ui&quot;:&quot;normal&quot;,&quot;notice_dismissed&quot;:false,&quot;notice_dismissed_update-cf7-5.7.6&quot;:true,&quot;notice_dismissed_update-cf7-5.9.2&quot;:true}}\" \/>\n<input type=\"hidden\" name=\"_wpcf7_recaptcha_response\" value=\"\" \/>\n<\/div>\n<p><label> Name of child *<br \/>\n<span class=\"wpcf7-form-control-wrap\" data-name=\"gyermekneve\"><input size=\"40\" class=\"wpcf7-form-control wpcf7-text wpcf7-validates-as-required\" aria-required=\"true\" aria-invalid=\"false\" value=\"\" type=\"text\" name=\"gyermekneve\" \/><\/span> <\/label>\n<\/p>\n<p><label> Birth date of child (year\/month\/day) *<br \/>\n<span class=\"wpcf7-form-control-wrap\" data-name=\"szuletesi_ido\"><input size=\"40\" class=\"wpcf7-form-control wpcf7-text wpcf7-validates-as-required\" aria-required=\"true\" aria-invalid=\"false\" value=\"\" type=\"text\" name=\"szuletesi_ido\" \/><\/span> <\/label>\n<\/p>\n<p><label> Name of parent or guardian*<br \/>\n<span class=\"wpcf7-form-control-wrap\" data-name=\"szuloneve\"><input size=\"40\" class=\"wpcf7-form-control wpcf7-text wpcf7-validates-as-required\" aria-required=\"true\" aria-invalid=\"false\" value=\"\" type=\"text\" name=\"szuloneve\" \/><\/span> <\/label>\n<\/p>\n<p><label> Email address of parent or guardian *<br \/>\n<span class=\"wpcf7-form-control-wrap\" data-name=\"email\"><input size=\"40\" class=\"wpcf7-form-control wpcf7-text wpcf7-email wpcf7-validates-as-required wpcf7-validates-as-email\" aria-required=\"true\" aria-invalid=\"false\" value=\"\" type=\"email\" name=\"email\" \/><\/span> <\/label>\n<\/p>\n<p><label> Phone number of parent or guardian *<br \/>\n<span class=\"wpcf7-form-control-wrap\" data-name=\"tel\"><input size=\"40\" class=\"wpcf7-form-control wpcf7-text wpcf7-tel wpcf7-validates-as-required wpcf7-validates-as-tel\" aria-required=\"true\" aria-invalid=\"false\" value=\"\" type=\"tel\" name=\"tel\" \/><\/span> <\/label>\n<\/p>\n<p><label>T-shirt size *<br \/>\n<span class=\"wpcf7-form-control-wrap\" data-name=\"polomeret\"><select class=\"wpcf7-form-control wpcf7-select wpcf7-validates-as-required\" aria-required=\"true\" aria-invalid=\"false\" name=\"polomeret\"><option value=\"\">&#8212; K\u00e9rj\u00fck, v\u00e1lasszon egy opci\u00f3t &#8212;<\/option><option value=\"2XS\">2XS<\/option><option value=\"XS\">XS<\/option><option value=\"S\">S<\/option><option value=\"M\">M<\/option><option value=\"L\">L<\/option><option value=\"XL\">XL<\/option><option value=\"XXL\">XXL<\/option><\/select><\/span><\/label>\n<\/p>\n<p><label> Comments:<br \/>\n<span class=\"wpcf7-form-control-wrap\" data-name=\"egyeb\"><textarea cols=\"40\" rows=\"10\" class=\"wpcf7-form-control wpcf7-textarea\" aria-invalid=\"false\" name=\"egyeb\"><\/textarea><\/span> <\/label>\n<\/p>\n<p><input class=\"wpcf7-form-control has-spinner wpcf7-submit\" type=\"submit\" value=\"Send\" \/>\n<\/p>\n<p>* mandatory fields\n<\/p><div class=\"wpcf7-response-output\" aria-hidden=\"true\"><\/div>\n<\/form>\n<\/div>\n<\/p>","protected":false},"excerpt":{"rendered":"<p>quick links: camp information | location | camp fee | application Every summer, Future Stars FC offers football camp places to boys and girls aged between 7 and 14 years &#8230;<\/p>\n","protected":false},"author":1,"featured_media":0,"parent":0,"menu_order":0,"comment_status":"closed","ping_status":"closed","template":"","meta":{"footnotes":""},"yoast_head":"<!-- This site is optimized with the Yoast SEO plugin v22.2 - https:\/\/yoast.com\/wordpress\/plugins\/seo\/ -->\n<title>Summer football camp Balatonszemes 2018 - Future Stars FC<\/title>\n<meta name=\"robots\" content=\"index, follow, max-snippet:-1, max-image-preview:large, max-video-preview:-1\" \/>\n<link rel=\"canonical\" href=\"https:\/\/futurestars.hu\/en\/angol-magyar-focitabor-2018-balatonszemes\/\" \/>\n<meta property=\"og:locale\" content=\"en_US\" \/>\n<meta property=\"og:type\" content=\"article\" \/>\n<meta property=\"og:title\" content=\"Summer football camp Balatonszemes 2018 - Future Stars FC\" \/>\n<meta property=\"og:description\" content=\"quick links: camp information | location | camp fee | application Every summer, Future Stars FC offers football camp places to boys and girls aged between 7 and 14 years ...\" \/>\n<meta property=\"og:url\" content=\"https:\/\/futurestars.hu\/en\/angol-magyar-focitabor-2018-balatonszemes\/\" \/>\n<meta property=\"og:site_name\" content=\"Future Stars FC\" \/>\n<meta property=\"article:modified_time\" content=\"2019-03-27T08:20:02+00:00\" \/>\n<meta property=\"og:image\" content=\"https:\/\/futurestars.hu\/wp-content\/uploads\/2017\/05\/Balatonszemes_edzotabor_1.jpg\" \/>\n<meta name=\"twitter:card\" content=\"summary_large_image\" \/>\n<meta name=\"twitter:label1\" content=\"Est. reading time\" \/>\n\t<meta name=\"twitter:data1\" content=\"4 minutes\" \/>\n<script type=\"application\/ld+json\" class=\"yoast-schema-graph\">{\"@context\":\"https:\/\/schema.org\",\"@graph\":[{\"@type\":\"WebPage\",\"@id\":\"https:\/\/futurestars.hu\/en\/angol-magyar-focitabor-2018-balatonszemes\/\",\"url\":\"https:\/\/futurestars.hu\/en\/angol-magyar-focitabor-2018-balatonszemes\/\",\"name\":\"Summer football camp Balatonszemes 2018 - Future Stars FC\",\"isPartOf\":{\"@id\":\"https:\/\/futurestars.hu\/en\/#website\"},\"primaryImageOfPage\":{\"@id\":\"https:\/\/futurestars.hu\/en\/angol-magyar-focitabor-2018-balatonszemes\/#primaryimage\"},\"image\":{\"@id\":\"https:\/\/futurestars.hu\/angol-magyar-focitabor-2018-balatonszemes\/#primaryimage\"},\"thumbnailUrl\":\"https:\/\/futurestars.hu\/wp-content\/uploads\/2017\/05\/Balatonszemes_edzotabor_1.jpg\",\"datePublished\":\"2018-03-21T21:12:07+00:00\",\"dateModified\":\"2019-03-27T08:20:02+00:00\",\"breadcrumb\":{\"@id\":\"https:\/\/futurestars.hu\/en\/angol-magyar-focitabor-2018-balatonszemes\/#breadcrumb\"},\"inLanguage\":\"en-US\",\"potentialAction\":[{\"@type\":\"ReadAction\",\"target\":[[\"https:\/\/futurestars.hu\/en\/angol-magyar-focitabor-2018-balatonszemes\/\"]]}]},{\"@type\":\"ImageObject\",\"inLanguage\":\"en-US\",\"@id\":\"https:\/\/futurestars.hu\/en\/angol-magyar-focitabor-2018-balatonszemes\/#primaryimage\",\"url\":\"https:\/\/futurestars.hu\/wp-content\/uploads\/2017\/05\/Balatonszemes_edzotabor_1.jpg\",\"contentUrl\":\"https:\/\/futurestars.hu\/wp-content\/uploads\/2017\/05\/Balatonszemes_edzotabor_1.jpg\",\"width\":974,\"height\":451},{\"@type\":\"BreadcrumbList\",\"@id\":\"https:\/\/futurestars.hu\/en\/angol-magyar-focitabor-2018-balatonszemes\/#breadcrumb\",\"itemListElement\":[{\"@type\":\"ListItem\",\"position\":1,\"name\":\"Home\",\"item\":\"https:\/\/futurestars.hu\/en\/\"},{\"@type\":\"ListItem\",\"position\":2,\"name\":\"Angol-magyar focit\u00e1bor 2018, Balatonszemes\"}]},{\"@type\":\"WebSite\",\"@id\":\"https:\/\/futurestars.hu\/en\/#website\",\"url\":\"https:\/\/futurestars.hu\/en\/\",\"name\":\"Future Stars FC\",\"description\":\"... focizz \u00e9s tanulj angolul..\",\"publisher\":{\"@id\":\"https:\/\/futurestars.hu\/en\/#organization\"},\"potentialAction\":[{\"@type\":\"SearchAction\",\"target\":{\"@type\":\"EntryPoint\",\"urlTemplate\":\"https:\/\/futurestars.hu\/en\/?s={search_term_string}\"},\"query-input\":\"required name=search_term_string\"}],\"inLanguage\":\"en-US\"},{\"@type\":\"Organization\",\"@id\":\"https:\/\/futurestars.hu\/en\/#organization\",\"name\":\"Future Stars FC\",\"url\":\"https:\/\/futurestars.hu\/en\/\",\"logo\":{\"@type\":\"ImageObject\",\"inLanguage\":\"en-US\",\"@id\":\"https:\/\/futurestars.hu\/en\/#\/schema\/logo\/image\/\",\"url\":\"https:\/\/futurestars.hu\/wp-content\/uploads\/2017\/02\/futurestars_logo_transparent_2017_final.png\",\"contentUrl\":\"https:\/\/futurestars.hu\/wp-content\/uploads\/2017\/02\/futurestars_logo_transparent_2017_final.png\",\"width\":85,\"height\":72,\"caption\":\"Future Stars FC\"},\"image\":{\"@id\":\"https:\/\/futurestars.hu\/en\/#\/schema\/logo\/image\/\"}}]}<\/script>\n<!-- \/ Yoast SEO plugin. -->","yoast_head_json":{"title":"Summer football camp Balatonszemes 2018 - Future Stars FC","robots":{"index":"index","follow":"follow","max-snippet":"max-snippet:-1","max-image-preview":"max-image-preview:large","max-video-preview":"max-video-preview:-1"},"canonical":"https:\/\/futurestars.hu\/en\/angol-magyar-focitabor-2018-balatonszemes\/","og_locale":"en_US","og_type":"article","og_title":"Summer football camp Balatonszemes 2018 - Future Stars FC","og_description":"quick links: camp information | location | camp fee | application Every summer, Future Stars FC offers football camp places to boys and girls aged between 7 and 14 years ...","og_url":"https:\/\/futurestars.hu\/en\/angol-magyar-focitabor-2018-balatonszemes\/","og_site_name":"Future Stars FC","article_modified_time":"2019-03-27T08:20:02+00:00","og_image":[{"url":"https:\/\/futurestars.hu\/wp-content\/uploads\/2017\/05\/Balatonszemes_edzotabor_1.jpg"}],"twitter_card":"summary_large_image","twitter_misc":{"Est. reading time":"4 minutes"},"schema":{"@context":"https:\/\/schema.org","@graph":[{"@type":"WebPage","@id":"https:\/\/futurestars.hu\/en\/angol-magyar-focitabor-2018-balatonszemes\/","url":"https:\/\/futurestars.hu\/en\/angol-magyar-focitabor-2018-balatonszemes\/","name":"Summer football camp Balatonszemes 2018 - Future Stars FC","isPartOf":{"@id":"https:\/\/futurestars.hu\/en\/#website"},"primaryImageOfPage":{"@id":"https:\/\/futurestars.hu\/en\/angol-magyar-focitabor-2018-balatonszemes\/#primaryimage"},"image":{"@id":"https:\/\/futurestars.hu\/angol-magyar-focitabor-2018-balatonszemes\/#primaryimage"},"thumbnailUrl":"https:\/\/futurestars.hu\/wp-content\/uploads\/2017\/05\/Balatonszemes_edzotabor_1.jpg","datePublished":"2018-03-21T21:12:07+00:00","dateModified":"2019-03-27T08:20:02+00:00","breadcrumb":{"@id":"https:\/\/futurestars.hu\/en\/angol-magyar-focitabor-2018-balatonszemes\/#breadcrumb"},"inLanguage":"en-US","potentialAction":[{"@type":"ReadAction","target":[["https:\/\/futurestars.hu\/en\/angol-magyar-focitabor-2018-balatonszemes\/"]]}]},{"@type":"ImageObject","inLanguage":"en-US","@id":"https:\/\/futurestars.hu\/en\/angol-magyar-focitabor-2018-balatonszemes\/#primaryimage","url":"https:\/\/futurestars.hu\/wp-content\/uploads\/2017\/05\/Balatonszemes_edzotabor_1.jpg","contentUrl":"https:\/\/futurestars.hu\/wp-content\/uploads\/2017\/05\/Balatonszemes_edzotabor_1.jpg","width":974,"height":451},{"@type":"BreadcrumbList","@id":"https:\/\/futurestars.hu\/en\/angol-magyar-focitabor-2018-balatonszemes\/#breadcrumb","itemListElement":[{"@type":"ListItem","position":1,"name":"Home","item":"https:\/\/futurestars.hu\/en\/"},{"@type":"ListItem","position":2,"name":"Angol-magyar focit\u00e1bor 2018, Balatonszemes"}]},{"@type":"WebSite","@id":"https:\/\/futurestars.hu\/en\/#website","url":"https:\/\/futurestars.hu\/en\/","name":"Future Stars FC","description":"... focizz \u00e9s tanulj angolul..","publisher":{"@id":"https:\/\/futurestars.hu\/en\/#organization"},"potentialAction":[{"@type":"SearchAction","target":{"@type":"EntryPoint","urlTemplate":"https:\/\/futurestars.hu\/en\/?s={search_term_string}"},"query-input":"required name=search_term_string"}],"inLanguage":"en-US"},{"@type":"Organization","@id":"https:\/\/futurestars.hu\/en\/#organization","name":"Future Stars FC","url":"https:\/\/futurestars.hu\/en\/","logo":{"@type":"ImageObject","inLanguage":"en-US","@id":"https:\/\/futurestars.hu\/en\/#\/schema\/logo\/image\/","url":"https:\/\/futurestars.hu\/wp-content\/uploads\/2017\/02\/futurestars_logo_transparent_2017_final.png","contentUrl":"https:\/\/futurestars.hu\/wp-content\/uploads\/2017\/02\/futurestars_logo_transparent_2017_final.png","width":85,"height":72,"caption":"Future Stars FC"},"image":{"@id":"https:\/\/futurestars.hu\/en\/#\/schema\/logo\/image\/"}}]}},"_links":{"self":[{"href":"https:\/\/futurestars.hu\/en\/wp-json\/wp\/v2\/pages\/1864"}],"collection":[{"href":"https:\/\/futurestars.hu\/en\/wp-json\/wp\/v2\/pages"}],"about":[{"href":"https:\/\/futurestars.hu\/en\/wp-json\/wp\/v2\/types\/page"}],"author":[{"embeddable":true,"href":"https:\/\/futurestars.hu\/en\/wp-json\/wp\/v2\/users\/1"}],"replies":[{"embeddable":true,"href":"https:\/\/futurestars.hu\/en\/wp-json\/wp\/v2\/comments?post=1864"}],"version-history":[{"count":33,"href":"https:\/\/futurestars.hu\/en\/wp-json\/wp\/v2\/pages\/1864\/revisions"}],"predecessor-version":[{"id":2047,"href":"https:\/\/futurestars.hu\/en\/wp-json\/wp\/v2\/pages\/1864\/revisions\/2047"}],"wp:attachment":[{"href":"https:\/\/futurestars.hu\/en\/wp-json\/wp\/v2\/media?parent=1864"}],"curies":[{"name":"wp","href":"https:\/\/api.w.org\/{rel}","templated":true}]}}