{"id":1349,"date":"2017-02-11T21:59:09","date_gmt":"2017-02-11T21:59:09","guid":{"rendered":"http:\/\/futurestars.netorius.hu\/?page_id=1349"},"modified":"2017-02-23T16:05:38","modified_gmt":"2017-02-23T16:05:38","slug":"kapcsolat","status":"publish","type":"page","link":"https:\/\/futurestars.hu\/en\/kapcsolat\/","title":{"rendered":"Kapcsolat"},"content":{"rendered":"<p><strong>K\u00e9rj\u00fck,vegye fel vel\u00fcnk a kapcsolatot az al\u00e1bb el\u00e9rhet\u0151s\u00e9geken:<\/strong><\/p>\n<p><em>Steve Yeboah vezet\u0151edz\u0151<\/em><\/p>\n<p><strong>tel:<\/strong> +(36)-70-556-0270<\/p>\n<p><strong>e-mail:<\/strong> info@futurestars.hu<\/p>\n","protected":false},"excerpt":{"rendered":"<p>K\u00e9rj\u00fck,vegye fel vel\u00fcnk a kapcsolatot az al\u00e1bb el\u00e9rhet\u0151s\u00e9geken: Steve Yeboah vezet\u0151edz\u0151 tel: +(36)-70-556-0270 e-mail: info@futurestars.hu<\/p>\n","protected":false},"author":1,"featured_media":0,"parent":0,"menu_order":0,"comment_status":"closed","ping_status":"closed","template":"","meta":{"footnotes":""},"yoast_head":"<!-- This site is optimized with the Yoast SEO plugin v22.2 - https:\/\/yoast.com\/wordpress\/plugins\/seo\/ -->\n<title>Kapcsolat - Future Stars FC<\/title>\n<meta name=\"robots\" content=\"index, follow, max-snippet:-1, max-image-preview:large, max-video-preview:-1\" \/>\n<link rel=\"canonical\" href=\"https:\/\/futurestars.hu\/en\/contact-us\/\" \/>\n<meta property=\"og:locale\" content=\"en_US\" \/>\n<meta property=\"og:type\" content=\"article\" \/>\n<meta property=\"og:title\" content=\"Kapcsolat - Future Stars FC\" \/>\n<meta property=\"og:description\" content=\"K\u00e9rj\u00fck,vegye fel vel\u00fcnk a kapcsolatot az al\u00e1bb el\u00e9rhet\u0151s\u00e9geken: Steve Yeboah vezet\u0151edz\u0151 tel: +(36)-70-556-0270 e-mail: info@futurestars.hu\" \/>\n<meta property=\"og:url\" content=\"https:\/\/futurestars.hu\/en\/contact-us\/\" \/>\n<meta property=\"og:site_name\" content=\"Future Stars FC\" \/>\n<meta property=\"article:modified_time\" content=\"2017-02-23T16:05:38+00:00\" \/>\n<meta name=\"twitter:card\" content=\"summary_large_image\" \/>\n<script type=\"application\/ld+json\" class=\"yoast-schema-graph\">{\"@context\":\"https:\/\/schema.org\",\"@graph\":[{\"@type\":\"WebPage\",\"@id\":\"https:\/\/futurestars.hu\/en\/contact-us\/\",\"url\":\"https:\/\/futurestars.hu\/en\/contact-us\/\",\"name\":\"Kapcsolat - Future Stars FC\",\"isPartOf\":{\"@id\":\"https:\/\/futurestars.hu\/en\/#website\"},\"datePublished\":\"2017-02-11T21:59:09+00:00\",\"dateModified\":\"2017-02-23T16:05:38+00:00\",\"breadcrumb\":{\"@id\":\"https:\/\/futurestars.hu\/en\/contact-us\/#breadcrumb\"},\"inLanguage\":\"en-US\",\"potentialAction\":[{\"@type\":\"ReadAction\",\"target\":[[\"https:\/\/futurestars.hu\/en\/contact-us\/\"]]}]},{\"@type\":\"BreadcrumbList\",\"@id\":\"https:\/\/futurestars.hu\/en\/contact-us\/#breadcrumb\",\"itemListElement\":[{\"@type\":\"ListItem\",\"position\":1,\"name\":\"Home\",\"item\":\"https:\/\/futurestars.hu\/en\/\"},{\"@type\":\"ListItem\",\"position\":2,\"name\":\"Kapcsolat\"}]},{\"@type\":\"WebSite\",\"@id\":\"https:\/\/futurestars.hu\/en\/#website\",\"url\":\"https:\/\/futurestars.hu\/en\/\",\"name\":\"Future Stars FC\",\"description\":\"... focizz \u00e9s tanulj angolul..\",\"publisher\":{\"@id\":\"https:\/\/futurestars.hu\/en\/#organization\"},\"potentialAction\":[{\"@type\":\"SearchAction\",\"target\":{\"@type\":\"EntryPoint\",\"urlTemplate\":\"https:\/\/futurestars.hu\/en\/?s={search_term_string}\"},\"query-input\":\"required name=search_term_string\"}],\"inLanguage\":\"en-US\"},{\"@type\":\"Organization\",\"@id\":\"https:\/\/futurestars.hu\/en\/#organization\",\"name\":\"Future Stars FC\",\"url\":\"https:\/\/futurestars.hu\/en\/\",\"logo\":{\"@type\":\"ImageObject\",\"inLanguage\":\"en-US\",\"@id\":\"https:\/\/futurestars.hu\/en\/#\/schema\/logo\/image\/\",\"url\":\"https:\/\/futurestars.hu\/wp-content\/uploads\/2017\/02\/futurestars_logo_transparent_2017_final.png\",\"contentUrl\":\"https:\/\/futurestars.hu\/wp-content\/uploads\/2017\/02\/futurestars_logo_transparent_2017_final.png\",\"width\":85,\"height\":72,\"caption\":\"Future Stars FC\"},\"image\":{\"@id\":\"https:\/\/futurestars.hu\/en\/#\/schema\/logo\/image\/\"}}]}<\/script>\n<!-- \/ Yoast SEO plugin. -->","yoast_head_json":{"title":"Kapcsolat - Future Stars FC","robots":{"index":"index","follow":"follow","max-snippet":"max-snippet:-1","max-image-preview":"max-image-preview:large","max-video-preview":"max-video-preview:-1"},"canonical":"https:\/\/futurestars.hu\/en\/contact-us\/","og_locale":"en_US","og_type":"article","og_title":"Kapcsolat - Future Stars FC","og_description":"K\u00e9rj\u00fck,vegye fel vel\u00fcnk a kapcsolatot az al\u00e1bb el\u00e9rhet\u0151s\u00e9geken: Steve Yeboah vezet\u0151edz\u0151 tel: +(36)-70-556-0270 e-mail: info@futurestars.hu","og_url":"https:\/\/futurestars.hu\/en\/contact-us\/","og_site_name":"Future Stars FC","article_modified_time":"2017-02-23T16:05:38+00:00","twitter_card":"summary_large_image","schema":{"@context":"https:\/\/schema.org","@graph":[{"@type":"WebPage","@id":"https:\/\/futurestars.hu\/en\/contact-us\/","url":"https:\/\/futurestars.hu\/en\/contact-us\/","name":"Kapcsolat - Future Stars FC","isPartOf":{"@id":"https:\/\/futurestars.hu\/en\/#website"},"datePublished":"2017-02-11T21:59:09+00:00","dateModified":"2017-02-23T16:05:38+00:00","breadcrumb":{"@id":"https:\/\/futurestars.hu\/en\/contact-us\/#breadcrumb"},"inLanguage":"en-US","potentialAction":[{"@type":"ReadAction","target":[["https:\/\/futurestars.hu\/en\/contact-us\/"]]}]},{"@type":"BreadcrumbList","@id":"https:\/\/futurestars.hu\/en\/contact-us\/#breadcrumb","itemListElement":[{"@type":"ListItem","position":1,"name":"Home","item":"https:\/\/futurestars.hu\/en\/"},{"@type":"ListItem","position":2,"name":"Kapcsolat"}]},{"@type":"WebSite","@id":"https:\/\/futurestars.hu\/en\/#website","url":"https:\/\/futurestars.hu\/en\/","name":"Future Stars FC","description":"... focizz \u00e9s tanulj angolul..","publisher":{"@id":"https:\/\/futurestars.hu\/en\/#organization"},"potentialAction":[{"@type":"SearchAction","target":{"@type":"EntryPoint","urlTemplate":"https:\/\/futurestars.hu\/en\/?s={search_term_string}"},"query-input":"required name=search_term_string"}],"inLanguage":"en-US"},{"@type":"Organization","@id":"https:\/\/futurestars.hu\/en\/#organization","name":"Future Stars FC","url":"https:\/\/futurestars.hu\/en\/","logo":{"@type":"ImageObject","inLanguage":"en-US","@id":"https:\/\/futurestars.hu\/en\/#\/schema\/logo\/image\/","url":"https:\/\/futurestars.hu\/wp-content\/uploads\/2017\/02\/futurestars_logo_transparent_2017_final.png","contentUrl":"https:\/\/futurestars.hu\/wp-content\/uploads\/2017\/02\/futurestars_logo_transparent_2017_final.png","width":85,"height":72,"caption":"Future Stars FC"},"image":{"@id":"https:\/\/futurestars.hu\/en\/#\/schema\/logo\/image\/"}}]}},"_links":{"self":[{"href":"https:\/\/futurestars.hu\/en\/wp-json\/wp\/v2\/pages\/1349"}],"collection":[{"href":"https:\/\/futurestars.hu\/en\/wp-json\/wp\/v2\/pages"}],"about":[{"href":"https:\/\/futurestars.hu\/en\/wp-json\/wp\/v2\/types\/page"}],"author":[{"embeddable":true,"href":"https:\/\/futurestars.hu\/en\/wp-json\/wp\/v2\/users\/1"}],"replies":[{"embeddable":true,"href":"https:\/\/futurestars.hu\/en\/wp-json\/wp\/v2\/comments?post=1349"}],"version-history":[{"count":6,"href":"https:\/\/futurestars.hu\/en\/wp-json\/wp\/v2\/pages\/1349\/revisions"}],"predecessor-version":[{"id":1524,"href":"https:\/\/futurestars.hu\/en\/wp-json\/wp\/v2\/pages\/1349\/revisions\/1524"}],"wp:attachment":[{"href":"https:\/\/futurestars.hu\/en\/wp-json\/wp\/v2\/media?parent=1349"}],"curies":[{"name":"wp","href":"https:\/\/api.w.org\/{rel}","templated":true}]}}